{"id":13,"date":"2025-11-24T15:43:38","date_gmt":"2025-11-24T15:43:38","guid":{"rendered":"https:\/\/consobloc.com\/?page_id=13"},"modified":"2025-11-25T11:01:20","modified_gmt":"2025-11-25T11:01:20","slug":"page-de-maintenance-2","status":"publish","type":"page","link":"https:\/\/consobloc.com\/","title":{"rendered":"Accueil"},"content":{"rendered":"\n<figure class=\"wp-block-image aligncenter size-medium\"><img loading=\"lazy\" decoding=\"async\" width=\"300\" height=\"48\" src=\"https:\/\/consobloc.com\/wp-content\/uploads\/2025\/11\/Logo-CONSOBLOC-300x48.png\" alt=\"\" class=\"wp-image-26\" srcset=\"https:\/\/consobloc.com\/wp-content\/uploads\/2025\/11\/Logo-CONSOBLOC-300x48.png 300w, https:\/\/consobloc.com\/wp-content\/uploads\/2025\/11\/Logo-CONSOBLOC-1024x164.png 1024w, https:\/\/consobloc.com\/wp-content\/uploads\/2025\/11\/Logo-CONSOBLOC-768x123.png 768w, https:\/\/consobloc.com\/wp-content\/uploads\/2025\/11\/Logo-CONSOBLOC-1536x246.png 1536w, https:\/\/consobloc.com\/wp-content\/uploads\/2025\/11\/Logo-CONSOBLOC.png 1883w\" sizes=\"auto, (max-width: 300px) 100vw, 300px\" \/><\/figure>\n\n\n\n<div id=\"wp-block-themeisle-blocks-advanced-columns-0d617423\" class=\"wp-block-themeisle-blocks-advanced-columns alignfull has-1-columns has-desktop-equal-layout has-tablet-equal-layout has-mobile-equal-layout has-vertical-center has-light-bg\"><div class=\"wp-block-themeisle-blocks-advanced-columns-overlay\"><\/div><div class=\"innerblocks-wrap\">\n<div id=\"wp-block-themeisle-blocks-advanced-column-09847c7b\" class=\"wp-block-themeisle-blocks-advanced-column\">\n<p id=\"wp-block-themeisle-blocks-advanced-heading-4956a7c6\" class=\"wp-block-themeisle-blocks-advanced-heading wp-block-themeisle-blocks-advanced-heading-4956a7c6\"><em>ConsoBloc<\/em> propose une gamme compl\u00e8te de dispositifs m\u00e9dicaux \u00e0 usage unique, con\u00e7us pour garantir s\u00e9curit\u00e9, confort et efficacit\u00e9 en milieu op\u00e9ratoire!<\/p>\n\n\n\n<div class=\"wp-block-columns is-layout-flex wp-container-core-columns-is-layout-28f84493 wp-block-columns-is-layout-flex\">\n<div class=\"wp-block-column is-layout-flow wp-block-column-is-layout-flow\" style=\"flex-basis:100%\">\n<figure class=\"wp-block-gallery has-nested-images columns-default is-cropped animated backInDown o-anim-hover wp-block-gallery-1 is-layout-flex wp-block-gallery-is-layout-flex\">\n<figure class=\"wp-block-image size-large\"><img loading=\"lazy\" decoding=\"async\" width=\"1024\" height=\"1012\" data-id=\"35\" src=\"https:\/\/consobloc.com\/wp-content\/uploads\/2025\/11\/Cataracte-1024x1012.png\" alt=\"\" class=\"wp-image-35\" srcset=\"https:\/\/consobloc.com\/wp-content\/uploads\/2025\/11\/Cataracte-1024x1012.png 1024w, https:\/\/consobloc.com\/wp-content\/uploads\/2025\/11\/Cataracte-300x297.png 300w, https:\/\/consobloc.com\/wp-content\/uploads\/2025\/11\/Cataracte-768x759.png 768w, https:\/\/consobloc.com\/wp-content\/uploads\/2025\/11\/Cataracte.png 1048w\" sizes=\"auto, (max-width: 1024px) 100vw, 1024px\" \/><\/figure>\n\n\n\n<figure class=\"wp-block-image size-large\"><img loading=\"lazy\" decoding=\"async\" width=\"1024\" height=\"808\" data-id=\"32\" src=\"https:\/\/consobloc.com\/wp-content\/uploads\/2025\/11\/Laparotomie-1024x808.png\" alt=\"\" class=\"wp-image-32\" srcset=\"https:\/\/consobloc.com\/wp-content\/uploads\/2025\/11\/Laparotomie-1024x808.png 1024w, https:\/\/consobloc.com\/wp-content\/uploads\/2025\/11\/Laparotomie-300x237.png 300w, https:\/\/consobloc.com\/wp-content\/uploads\/2025\/11\/Laparotomie-768x606.png 768w, https:\/\/consobloc.com\/wp-content\/uploads\/2025\/11\/Laparotomie.png 1044w\" sizes=\"auto, (max-width: 1024px) 100vw, 1024px\" \/><\/figure>\n\n\n\n<figure class=\"wp-block-image size-large\"><img loading=\"lazy\" decoding=\"async\" width=\"1024\" height=\"977\" data-id=\"33\" src=\"https:\/\/consobloc.com\/wp-content\/uploads\/2025\/11\/cesarienne-1024x977.png\" alt=\"\" class=\"wp-image-33\" srcset=\"https:\/\/consobloc.com\/wp-content\/uploads\/2025\/11\/cesarienne-1024x977.png 1024w, https:\/\/consobloc.com\/wp-content\/uploads\/2025\/11\/cesarienne-300x286.png 300w, https:\/\/consobloc.com\/wp-content\/uploads\/2025\/11\/cesarienne-768x733.png 768w, https:\/\/consobloc.com\/wp-content\/uploads\/2025\/11\/cesarienne.png 1050w\" sizes=\"auto, (max-width: 1024px) 100vw, 1024px\" \/><\/figure>\n\n\n\n<figure class=\"wp-block-image size-large\"><img loading=\"lazy\" decoding=\"async\" width=\"986\" height=\"1024\" data-id=\"43\" src=\"https:\/\/consobloc.com\/wp-content\/uploads\/2025\/11\/Universel-1-986x1024.png\" alt=\"\" class=\"wp-image-43\" srcset=\"https:\/\/consobloc.com\/wp-content\/uploads\/2025\/11\/Universel-1-986x1024.png 986w, https:\/\/consobloc.com\/wp-content\/uploads\/2025\/11\/Universel-1-289x300.png 289w, https:\/\/consobloc.com\/wp-content\/uploads\/2025\/11\/Universel-1-768x797.png 768w, https:\/\/consobloc.com\/wp-content\/uploads\/2025\/11\/Universel-1.png 1048w\" sizes=\"auto, (max-width: 986px) 100vw, 986px\" \/><\/figure>\n<\/figure>\n<\/div>\n<\/div>\n<\/div>\n<\/div><\/div>\n\n\n\n<div id=\"wp-block-themeisle-blocks-advanced-columns-5d630746\" class=\"wp-block-themeisle-blocks-advanced-columns alignfull has-1-columns has-desktop-equal-layout has-tablet-equal-layout has-mobile-equal-layout has-vertical-center has-light-bg\"><div class=\"wp-block-themeisle-blocks-advanced-columns-overlay\"><\/div><div class=\"innerblocks-wrap\">\n<div id=\"wp-block-themeisle-blocks-advanced-column-e9363a5a\" class=\"wp-block-themeisle-blocks-advanced-column\">\n<div id=\"wp-block-themeisle-blocks-advanced-columns-cd4b7a17\" class=\"wp-block-themeisle-blocks-advanced-columns has-2-columns has-desktop-oneTwo-layout has-tablet-collapsedRows-layout has-mobile-collapsedRows-layout has-vertical-unset\"><div class=\"wp-block-themeisle-blocks-advanced-columns-overlay\"><\/div><div class=\"innerblocks-wrap\">\n<div id=\"wp-block-themeisle-blocks-advanced-column-915f5db4\" class=\"wp-block-themeisle-blocks-advanced-column\">\n<figure class=\"wp-block-image size-full\"><img loading=\"lazy\" decoding=\"async\" width=\"474\" height=\"294\" src=\"https:\/\/consobloc.com\/wp-content\/uploads\/2025\/11\/extension-logo-consobloc.png\" alt=\"\" class=\"wp-image-28\" srcset=\"https:\/\/consobloc.com\/wp-content\/uploads\/2025\/11\/extension-logo-consobloc.png 474w, https:\/\/consobloc.com\/wp-content\/uploads\/2025\/11\/extension-logo-consobloc-300x186.png 300w\" sizes=\"auto, (max-width: 474px) 100vw, 474px\" \/><\/figure>\n<\/div>\n\n\n\n<div id=\"wp-block-themeisle-blocks-advanced-column-31d8f751\" class=\"wp-block-themeisle-blocks-advanced-column\">\n<h2 id=\"wp-block-themeisle-blocks-advanced-heading-948398ab\" class=\"wp-block-themeisle-blocks-advanced-heading wp-block-themeisle-blocks-advanced-heading-948398ab\">Commandez un Kit?<\/h2>\n\n\n\n<p>Faites une demande de devis et nous vous r\u00e9pondrons au plus vite&nbsp;!<\/p>\n\n\n\n<div id=\"wp-block-themeisle-blocks-form-f9b364b5\" class=\"wp-block-themeisle-blocks-form\" data-option-name=\"bf9b28ff82ce323187abc5d0feb0d8f07ecd8436_f9b364b5\"><form class=\"otter-form__container\">\n<div id=\"wp-block-themeisle-blocks-form-input-dee32220\" class=\"wp-block-themeisle-blocks-form-input\"><label for=\"wp-block-themeisle-blocks-form-input-dee32220-input\" class=\"otter-form-input-label\"><span class=\"otter-form-input-label__label\">Nom de la structure<\/span><span class=\"required\">*<\/span><\/label><input type=\"text\" id=\"wp-block-themeisle-blocks-form-input-dee32220-input\" required placeholder=\"Votre nom \" class=\"otter-form-input\"\/><\/div>\n\n\n\n<div id=\"wp-block-themeisle-blocks-form-input-ed39daf2\" class=\"wp-block-themeisle-blocks-form-input\"><label for=\"wp-block-themeisle-blocks-form-input-ed39daf2-input\" class=\"otter-form-input-label\"><span class=\"otter-form-input-label__label\">Votre e-mail<\/span><span class=\"required\">*<\/span><\/label><input type=\"email\" id=\"wp-block-themeisle-blocks-form-input-ed39daf2-input\" required placeholder=\"Votre email\" class=\"otter-form-input\"\/><\/div>\n\n\n<div class=\"protection\" aria-hidden=\"true\"><input type=\"hidden\" id=\"wp-block-themeisle-blocks-form-f9b364b5_nonce_field\" name=\"wp-block-themeisle-blocks-form-f9b364b5_nonce_field\" value=\"03226821a8\" \/><input type=\"hidden\" name=\"_wp_http_referer\" value=\"\/index.php?rest_route=%2Fwp%2Fv2%2Fpages%2F13\" \/><input class=\"o-anti-bot\" type=\"checkbox\"><\/div>\n\n\n<div id=\"wp-block-themeisle-blocks-form-textarea-16e85dea\" class=\"wp-block-themeisle-blocks-form-textarea\"><label for=\"wp-block-themeisle-blocks-form-textarea-16e85dea-input\" class=\"otter-form-textarea-label\"><span class=\"otter-form-textarea-label__label\">Le d\u00e9tails de vos besoins et les quantit\u00e9s <\/span><\/label><textarea id=\"wp-block-themeisle-blocks-form-textarea-16e85dea-input\" placeholder=\"Votre message ici\" rows=\"10\" class=\"otter-form-textarea-input\"><\/textarea><\/div>\n\n\n\n<p class=\"has-text-align-left has-neve-text-color-color has-text-color has-small-font-size\">Ce formulaire recueille votre nom et votre adresse courriel afin que nous puissions vous recontacter.<\/p>\n<div class=\"wp-block-button\"><button class=\"wp-block-button__link\" type=\"submit\">Envoyez!<\/button><\/div><\/form><\/div>\n<\/div>\n<\/div><\/div>\n<\/div>\n<\/div><\/div>\n","protected":false},"excerpt":{"rendered":"","protected":false},"author":1,"featured_media":0,"parent":0,"menu_order":0,"comment_status":"closed","ping_status":"closed","template":"templates\/wpmm-page-template.php","meta":{"_themeisle_gutenberg_block_has_review":false,"footnotes":""},"class_list":["post-13","page","type-page","status-publish","hentry"],"_links":{"self":[{"href":"https:\/\/consobloc.com\/index.php?rest_route=\/wp\/v2\/pages\/13","targetHints":{"allow":["GET"]}}],"collection":[{"href":"https:\/\/consobloc.com\/index.php?rest_route=\/wp\/v2\/pages"}],"about":[{"href":"https:\/\/consobloc.com\/index.php?rest_route=\/wp\/v2\/types\/page"}],"author":[{"embeddable":true,"href":"https:\/\/consobloc.com\/index.php?rest_route=\/wp\/v2\/users\/1"}],"replies":[{"embeddable":true,"href":"https:\/\/consobloc.com\/index.php?rest_route=%2Fwp%2Fv2%2Fcomments&post=13"}],"version-history":[{"count":18,"href":"https:\/\/consobloc.com\/index.php?rest_route=\/wp\/v2\/pages\/13\/revisions"}],"predecessor-version":[{"id":44,"href":"https:\/\/consobloc.com\/index.php?rest_route=\/wp\/v2\/pages\/13\/revisions\/44"}],"wp:attachment":[{"href":"https:\/\/consobloc.com\/index.php?rest_route=%2Fwp%2Fv2%2Fmedia&parent=13"}],"curies":[{"name":"wp","href":"https:\/\/api.w.org\/{rel}","templated":true}]}}